{"id":100,"date":"2015-09-12T13:12:31","date_gmt":"2015-09-12T13:12:31","guid":{"rendered":"http:\/\/wordpress.jahnke.info\/?page_id=100"},"modified":"2022-02-11T10:21:09","modified_gmt":"2022-02-11T09:21:09","slug":"home","status":"publish","type":"page","link":"https:\/\/jahnke.info\/","title":{"rendered":""},"content":{"rendered":"<h2><strong>Herzlich willkommen &#8230;\u00a0\u00a0\u00a0\u00a0\u00a0\u00a0\u00a0\u00a0\u00a0\u00a0\u00a0\u00a0\u00a0\u00a0\u00a0\u00a0\u00a0\u00a0\u00a0\u00a0\u00a0\u00a0\u00a0\u00a0\u00a0\u00a0\u00a0\u00a0 <\/strong><\/h2>\n<h2><strong>auf unserer privaten Homepage.<\/strong><\/h2>\n<p><span style=\"font-family: Verdana,Tahoma,Arial,Helvetica,sans-serif,sans-serif;\">Wir, das sind Ralf, Petra, Christoph, Lukas, Benjamin und Alexander, wohnen im Landkreis L\u00fcneburg. <\/span><\/p>\n<p><span style=\"font-family: Verdana,Tahoma,Arial,Helvetica,sans-serif,sans-serif;\">Auf dieser Seite k\u00f6nnen Sie einiges \u00fcber uns erfahren, wer welche Interessen hat und welche Hobbys, wo wir im Urlaub waren und welche Ereignisse uns am Herzen liegen.<br \/>\n<\/span><\/p>\n<p><span style=\"font-family: Verdana,Tahoma,Arial,Helvetica,sans-serif,sans-serif;\">Wir freuen uns, wenn Sie etwas Spa\u00df an den Dingen haben, die wir hier zeigen und hoffen, da\u00df niemand diese Informationen f\u00fcr unredliche Taten mi\u00dfbraucht.<\/span><\/p>\n<p><a href=\"http:\/\/jahnke.info\/wp-content\/uploads\/2016\/01\/IMG_0822.jpg\"><img loading=\"lazy\" decoding=\"async\" class=\"alignnone wp-image-1438 size-large\" src=\"http:\/\/jahnke.info\/wp-content\/uploads\/2016\/01\/IMG_0822-1024x768.jpg\" alt=\"\" width=\"604\" height=\"453\" srcset=\"https:\/\/jahnke.info\/wp-content\/uploads\/2016\/01\/IMG_0822-1024x768.jpg 1024w, https:\/\/jahnke.info\/wp-content\/uploads\/2016\/01\/IMG_0822-300x225.jpg 300w, https:\/\/jahnke.info\/wp-content\/uploads\/2016\/01\/IMG_0822-768x576.jpg 768w, https:\/\/jahnke.info\/wp-content\/uploads\/2016\/01\/IMG_0822.jpg 1280w\" sizes=\"auto, (max-width: 604px) 100vw, 604px\" \/><\/a><\/p>\n<p><sup><em>Um unsere Webseite f\u00fcr Sie optimal zu gestalten und fortlaufend verbessern zu k\u00f6nnen, verwenden wir Cookies. Durch die weitere Nutzung der Webseite stimmen Sie der Verwendung von Cookies zu. <\/em><\/sup><em><sup>Weitere Informationen zu Cookies erhalten Sie in unserer <\/sup><a href=\"http:\/\/jahnke.info\/?page_id=1701\"><sup>Datenschutzerkl\u00e4rung<\/sup><\/a><\/em><\/p>\n","protected":false},"excerpt":{"rendered":"<p>Herzlich willkommen &#8230;\u00a0\u00a0\u00a0\u00a0\u00a0\u00a0\u00a0\u00a0\u00a0\u00a0\u00a0\u00a0\u00a0\u00a0\u00a0\u00a0\u00a0\u00a0\u00a0\u00a0\u00a0\u00a0\u00a0\u00a0\u00a0\u00a0\u00a0\u00a0 auf unserer privaten Homepage. Wir, das sind Ralf, Petra, Christoph, Lukas, Benjamin und Alexander, wohnen im Landkreis L\u00fcneburg. Auf dieser Seite k\u00f6nnen Sie einiges \u00fcber uns erfahren, wer welche Interessen hat und welche Hobbys, wo wir im Urlaub waren und welche Ereignisse uns am Herzen liegen. Wir freuen uns, wenn Sie etwas &hellip; <a href=\"https:\/\/jahnke.info\/\" class=\"more-link\"><span class=\"screen-reader-text\"><\/span> weiterlesen <span class=\"meta-nav\">&rarr;<\/span><\/a><\/p>\n","protected":false},"author":1,"featured_media":0,"parent":0,"menu_order":0,"comment_status":"closed","ping_status":"closed","template":"","meta":{"footnotes":""},"class_list":["post-100","page","type-page","status-publish","hentry"],"_links":{"self":[{"href":"https:\/\/jahnke.info\/index.php?rest_route=\/wp\/v2\/pages\/100","targetHints":{"allow":["GET"]}}],"collection":[{"href":"https:\/\/jahnke.info\/index.php?rest_route=\/wp\/v2\/pages"}],"about":[{"href":"https:\/\/jahnke.info\/index.php?rest_route=\/wp\/v2\/types\/page"}],"author":[{"embeddable":true,"href":"https:\/\/jahnke.info\/index.php?rest_route=\/wp\/v2\/users\/1"}],"replies":[{"embeddable":true,"href":"https:\/\/jahnke.info\/index.php?rest_route=%2Fwp%2Fv2%2Fcomments&post=100"}],"version-history":[{"count":13,"href":"https:\/\/jahnke.info\/index.php?rest_route=\/wp\/v2\/pages\/100\/revisions"}],"predecessor-version":[{"id":2119,"href":"https:\/\/jahnke.info\/index.php?rest_route=\/wp\/v2\/pages\/100\/revisions\/2119"}],"wp:attachment":[{"href":"https:\/\/jahnke.info\/index.php?rest_route=%2Fwp%2Fv2%2Fmedia&parent=100"}],"curies":[{"name":"wp","href":"https:\/\/api.w.org\/{rel}","templated":true}]}}